{"id":9763,"date":"2018-05-16T16:11:28","date_gmt":"2018-05-16T08:11:28","guid":{"rendered":"https:\/\/www.sunmeibutton.com\/privacy\/"},"modified":"2018-09-21T17:44:29","modified_gmt":"2018-09-21T09:44:29","slug":"privacy","status":"publish","type":"page","link":"https:\/\/www.sunmeibutton.com\/it\/privacy\/","title":{"rendered":"politica sulla riservatezza"},"content":{"rendered":"\t\t<div data-elementor-type=\"wp-post\" data-elementor-id=\"9763\" class=\"elementor elementor-9763 elementor-bc-flex-widget\" data-elementor-post-type=\"page\">\n\t\t\t\t\t\t<section class=\"elementor-section elementor-top-section elementor-element elementor-element-af357f9 elementor-section-stretched elementor-section-boxed elementor-section-height-default elementor-section-height-default\" data-id=\"af357f9\" data-element_type=\"section\" data-settings=\"{&quot;stretch_section&quot;:&quot;section-stretched&quot;}\">\n\t\t\t\t\t\t<div class=\"elementor-container elementor-column-gap-default\">\n\t\t\t\t\t<div class=\"elementor-column elementor-col-100 elementor-top-column elementor-element elementor-element-1241531\" data-id=\"1241531\" data-element_type=\"column\">\n\t\t\t<div class=\"elementor-widget-wrap elementor-element-populated\">\n\t\t\t\t\t\t<div class=\"elementor-element elementor-element-e2d2ad3 elementor-widget elementor-widget-spacer\" data-id=\"e2d2ad3\" data-element_type=\"widget\" data-widget_type=\"spacer.default\">\n\t\t\t\t<div class=\"elementor-widget-container\">\n\t\t\t\t\t<div class=\"elementor-spacer\">\n\t\t\t<div class=\"elementor-spacer-inner\"><\/div>\n\t\t<\/div>\n\t\t\t\t<\/div>\n\t\t\t\t<\/div>\n\t\t\t\t<div class=\"elementor-element elementor-element-8f309b8 elementor-widget elementor-widget-heading\" data-id=\"8f309b8\" data-element_type=\"widget\" data-widget_type=\"heading.default\">\n\t\t\t\t<div class=\"elementor-widget-container\">\n\t\t\t<h2 class=\"elementor-heading-title elementor-size-default\">politica sulla riservatezza<\/h2>\t\t<\/div>\n\t\t\t\t<\/div>\n\t\t\t\t<div class=\"elementor-element elementor-element-f3bd2b5 elementor-widget elementor-widget-spacer\" data-id=\"f3bd2b5\" data-element_type=\"widget\" data-widget_type=\"spacer.default\">\n\t\t\t\t<div class=\"elementor-widget-container\">\n\t\t\t\t\t<div class=\"elementor-spacer\">\n\t\t\t<div class=\"elementor-spacer-inner\"><\/div>\n\t\t<\/div>\n\t\t\t\t<\/div>\n\t\t\t\t<\/div>\n\t\t\t\t<div class=\"elementor-element elementor-element-3233465 elementor-widget elementor-widget-text-editor\" data-id=\"3233465\" data-element_type=\"widget\" data-widget_type=\"text-editor.default\">\n\t\t\t\t<div class=\"elementor-widget-container\">\n\t\t\t\t\t\t\t<p>SUN MEI BUTTON rispetta i diritti e gli interessi della privacy di ciascun cliente. SUN MEI BUTTON osserver\u00e0 i principi durante l&#8217;elaborazione delle informazioni personali in modo equo e legale. Prendiamo molto sul serio la protezione dei dati personali. Vogliamo che tu sappia quando stiamo archiviando i tuoi dati, quali dati stiamo archiviando e come li stiamo usando.<\/p><p>Informazioni personali fornite dall&#8217;utente tramite il nostro sito.<\/p><p>Potremmo raccogliere e archiviare le informazioni personali che scegliete di fornirci volontariamente quando fornite attraverso il Sito. I tipi di informazioni personali possono includere:<\/p><p>Nome dell&#8217;azienda, nome del contatto, titolo di lavoro, sito web dell&#8217;azienda, paese, tipo di attivit\u00e0, email, numero di telefono, numero di fax, indirizzo<br \/>Altre informazioni personali che \u00e8 possibile includere nei contenuti inviati sul sito.<\/p><h4>Cookie:<\/h4><p>Esiste una tecnologia chiamata &#8220;cookie&#8221; che \u00e8 un elemento di dati che un sito Web pu\u00f2 inviare al browser e che pu\u00f2 quindi essere archiviato nel sistema. Alcune pagine del sito utilizzano i cookie per offrirti un servizio migliore quando ritorni sul nostro sito. Puoi impostare il tuo browser in modo che ti avvisi quando ricevi un cookie, dando la possibilit\u00e0 di decidere se accettarlo.<\/p><p>Utilizziamo Track ID (cookie) per raccogliere e archiviare informazioni quando visitate il nostro sito Web; le informazioni vengono salvate su DigitalOcean e utilizzate per identificare il browser o il dispositivo.<\/p><p>I cookie non danneggiano il tuo computer e non contengono virus. I cookie aiutano a rendere il nostro sito pi\u00f9 user-friendly, efficiente e sicuro. I cookie sono piccoli file di testo che vengono memorizzati sul tuo computer e salvati dal tuo browser. L&#8217;uso dei cookie ci consente di fornirti determinate funzionalit\u00e0 e fornirci informazioni sulle visite al sito web.<\/p><h4>Analisi web con Google Analytics<\/h4><p>Utilizziamo Google Analytics per analizzare l&#8217;attivit\u00e0 degli utenti al fine di migliorare il sito web. Ad esempio, utilizzando i cookie di Google Analytics possiamo esaminare modelli aggregati come il numero medio di ricerche eseguite dagli utenti, quali parole chiave gli utenti hanno cercato, paesi e lingue. Possiamo utilizzare tale analisi per ottenere informazioni su come migliorare la funzionalit\u00e0 e l&#8217;esperienza del sito web. Puoi visitare l&#8217;Informativa sulla privacy di Google Analytics all&#8217;indirizzo: https:\/\/policies.google.com\/technologies\/cookies.<\/p><p>Le tue informazioni raccolte da altre tecnologie<br \/>Oltre ai cookie, utilizziamo altre tecnologie per migliorare la tua esperienza utente e la qualit\u00e0 complessiva dei nostri servizi raccogliendo le informazioni di seguito:<\/p><p>[visitatore del sito] ha visitato il sito web (URL)<br \/>[Indirizzo del sito] Indirizzo IP<br \/>[visitatore del sito] Marca, modello e sistema operativo del dispositivo di connessione Internet<br \/>[visitatore del sito] Browser del dispositivo di connessione Internet, risoluzione, colore [visitatore del sito] GeoIP<br \/>[visitatore del sito] ISP<\/p><p>Come utilizziamo le tue informazioni personali<br \/>SUN MEI BUTTON fornir\u00e0 informazioni sui nostri prodotti o qualsiasi altra informazione professionale in base alle richieste ricevute. Senza il tuo esplicito consenso o una base legale, i tuoi dati personali o la cronologia di navigazione non vengono trasmessi a terzi al di fuori dello scopo. Una parte dei dati viene raccolta per garantire il corretto funzionamento del sito web. Altri dati possono essere utilizzati per analizzare come i visitatori utilizzano il sito.<\/p><h4>Informazioni, blocco, cancellazione<\/h4><p>Come consentito dalla legge, si ha il diritto di essere forniti in qualsiasi momento con informazioni gratuite su qualsiasi dato personale che viene archiviato, nonch\u00e9 la sua origine, il destinatario e lo scopo per il quale \u00e8 stato elaborato. Hai anche il diritto di correggere, bloccare o cancellare questi dati. Puoi contattarci (service@sunmei.com.tw) in qualsiasi momento utilizzando l&#8217;indirizzo indicato nella nostra nota legale se hai ulteriori domande sul tema dei dati personali.<\/p><p>Tutte le informazioni raccolte vengono salvate per 24 mesi su DigitalOcean e regolarmente cancellate ogni mese.<\/p><h4>La protezione dei tuoi dati personali<\/h4><p>I tuoi dati personali sono memorizzati su DigitalOcean. DigitalOcean annuncia l&#8217;adesione a CISPE e il rispetto del primo Codice di condotta per la protezione dei dati nel cloud.<\/p><h4>Informazioni di sicurezza<\/h4><p>Utilizziamo la tecnologia standard di sicurezza SSL o la tecnologia HTTPS standard per mantenere una connessione Internet sicura e salvaguardare i dati sensibili che vengono inviati tra due sistemi, impedendo ai criminali di leggere e modificare qualsiasi informazione trasferita, inclusi potenziali dettagli personali.<\/p><p>Modifiche alla presente informativa sulla privacy<br \/>Potremmo aggiornare questa Informativa sulla privacy per riflettere le modifiche alle nostre pratiche informative. Se apportiamo modifiche sostanziali, le comunicheremo via e-mail (inviate all&#8217;indirizzo e-mail specificato nel suo account) o tramite un avviso su questo sito Web prima che la modifica diventi effettiva.<\/p><h4>Contattaci<\/h4><p>Se avete domande su come proteggiamo le vostre informazioni personali, vi preghiamo di contattarci: service@sunmei.com.tw<\/p>\t\t\t\t\t\t<\/div>\n\t\t\t\t<\/div>\n\t\t\t\t<div class=\"elementor-element elementor-element-6ed649d elementor-widget elementor-widget-spacer\" data-id=\"6ed649d\" data-element_type=\"widget\" data-widget_type=\"spacer.default\">\n\t\t\t\t<div class=\"elementor-widget-container\">\n\t\t\t\t\t<div class=\"elementor-spacer\">\n\t\t\t<div class=\"elementor-spacer-inner\"><\/div>\n\t\t<\/div>\n\t\t\t\t<\/div>\n\t\t\t\t<\/div>\n\t\t\t\t\t<\/div>\n\t\t<\/div>\n\t\t\t\t\t<\/div>\n\t\t<\/section>\n\t\t\t\t<\/div>\n\t\t","protected":false},"excerpt":{"rendered":"<p>politica sulla riservatezza SUN MEI BUTTON rispetta i diritti e gli interessi della privacy di ciascun cliente. SUN MEI BUTTON osserver\u00e0 i principi durante l&#8217;elaborazione delle informazioni personali in modo equo e legale. Prendiamo molto sul serio la protezione dei dati personali. Vogliamo che tu sappia quando stiamo archiviando i tuoi dati, quali dati stiamo [&hellip;]<\/p>\n","protected":false},"author":1,"featured_media":0,"parent":0,"menu_order":0,"comment_status":"closed","ping_status":"closed","template":"","meta":{"footnotes":""},"yoast_head":"<!-- This site is optimized with the Yoast SEO plugin v22.6 - https:\/\/yoast.com\/wordpress\/plugins\/seo\/ -->\n<title>politica sulla riservatezza - \u4e0a\u5c0a\u4f01\u696d\u6709\u9650\u516c\u53f8<\/title>\n<meta name=\"robots\" content=\"index, follow, max-snippet:-1, max-image-preview:large, max-video-preview:-1\" \/>\n<link rel=\"canonical\" href=\"https:\/\/www.sunmeibutton.com\/it\/privacy\/\" \/>\n<meta property=\"og:locale\" content=\"it_IT\" \/>\n<meta property=\"og:type\" content=\"article\" \/>\n<meta property=\"og:title\" content=\"politica sulla riservatezza - \u4e0a\u5c0a\u4f01\u696d\u6709\u9650\u516c\u53f8\" \/>\n<meta property=\"og:description\" content=\"politica sulla riservatezza SUN MEI BUTTON rispetta i diritti e gli interessi della privacy di ciascun cliente. SUN MEI BUTTON osserver\u00e0 i principi durante l&#8217;elaborazione delle informazioni personali in modo equo e legale. Prendiamo molto sul serio la protezione dei dati personali. Vogliamo che tu sappia quando stiamo archiviando i tuoi dati, quali dati stiamo [&hellip;]\" \/>\n<meta property=\"og:url\" content=\"https:\/\/www.sunmeibutton.com\/it\/privacy\/\" \/>\n<meta property=\"og:site_name\" content=\"\u4e0a\u5c0a\u4f01\u696d\u6709\u9650\u516c\u53f8\" \/>\n<meta property=\"article:modified_time\" content=\"2018-09-21T09:44:29+00:00\" \/>\n<meta name=\"twitter:card\" content=\"summary_large_image\" \/>\n<meta name=\"twitter:label1\" content=\"Tempo di lettura stimato\" \/>\n\t<meta name=\"twitter:data1\" content=\"4 minuti\" \/>\n<!-- \/ Yoast SEO plugin. -->","yoast_head_json":{"title":"politica sulla riservatezza - \u4e0a\u5c0a\u4f01\u696d\u6709\u9650\u516c\u53f8","robots":{"index":"index","follow":"follow","max-snippet":"max-snippet:-1","max-image-preview":"max-image-preview:large","max-video-preview":"max-video-preview:-1"},"canonical":"https:\/\/www.sunmeibutton.com\/it\/privacy\/","og_locale":"it_IT","og_type":"article","og_title":"politica sulla riservatezza - \u4e0a\u5c0a\u4f01\u696d\u6709\u9650\u516c\u53f8","og_description":"politica sulla riservatezza SUN MEI BUTTON rispetta i diritti e gli interessi della privacy di ciascun cliente. SUN MEI BUTTON osserver\u00e0 i principi durante l&#8217;elaborazione delle informazioni personali in modo equo e legale. Prendiamo molto sul serio la protezione dei dati personali. Vogliamo che tu sappia quando stiamo archiviando i tuoi dati, quali dati stiamo [&hellip;]","og_url":"https:\/\/www.sunmeibutton.com\/it\/privacy\/","og_site_name":"\u4e0a\u5c0a\u4f01\u696d\u6709\u9650\u516c\u53f8","article_modified_time":"2018-09-21T09:44:29+00:00","twitter_card":"summary_large_image","twitter_misc":{"Tempo di lettura stimato":"4 minuti"},"schema":{"@context":"https:\/\/schema.org","@graph":[{"@type":"WebPage","@id":"https:\/\/www.sunmeibutton.com\/it\/privacy\/","url":"https:\/\/www.sunmeibutton.com\/it\/privacy\/","name":"politica sulla riservatezza - \u4e0a\u5c0a\u4f01\u696d\u6709\u9650\u516c\u53f8","isPartOf":{"@id":"https:\/\/www.sunmeibutton.com\/#website"},"datePublished":"2018-05-16T08:11:28+00:00","dateModified":"2018-09-21T09:44:29+00:00","breadcrumb":{"@id":"https:\/\/www.sunmeibutton.com\/it\/privacy\/#breadcrumb"},"inLanguage":"it-IT","potentialAction":[{"@type":"ReadAction","target":["https:\/\/www.sunmeibutton.com\/it\/privacy\/"]}]},{"@type":"BreadcrumbList","@id":"https:\/\/www.sunmeibutton.com\/it\/privacy\/#breadcrumb","itemListElement":[{"@type":"ListItem","position":1,"name":"","item":"https:\/\/www.sunmeibutton.com\/it\/"},{"@type":"ListItem","position":2,"name":"politica sulla riservatezza"}]},{"@type":"WebSite","@id":"https:\/\/www.sunmeibutton.com\/#website","url":"https:\/\/www.sunmeibutton.com\/","name":"\u4e0a\u5c0a\u4f01\u696d\u6709\u9650\u516c\u53f8","description":"SUN MEI BUTTON ENTERPRISE CO., LTD","publisher":{"@id":"https:\/\/www.sunmeibutton.com\/#organization"},"potentialAction":[{"@type":"SearchAction","target":{"@type":"EntryPoint","urlTemplate":"https:\/\/www.sunmeibutton.com\/?s={search_term_string}"},"query-input":"required name=search_term_string"}],"inLanguage":"it-IT"},{"@type":"Organization","@id":"https:\/\/www.sunmeibutton.com\/#organization","name":"\u4e0a\u5c0a\u4f01\u696d\u6709\u9650\u516c\u53f8","url":"https:\/\/www.sunmeibutton.com\/","logo":{"@type":"ImageObject","inLanguage":"it-IT","@id":"https:\/\/www.sunmeibutton.com\/#\/schema\/logo\/image\/","url":"https:\/\/www.sunmeibutton.com\/wp-content\/uploads\/2018\/05\/logo.jpg","contentUrl":"https:\/\/www.sunmeibutton.com\/wp-content\/uploads\/2018\/05\/logo.jpg","width":300,"height":300,"caption":"\u4e0a\u5c0a\u4f01\u696d\u6709\u9650\u516c\u53f8"},"image":{"@id":"https:\/\/www.sunmeibutton.com\/#\/schema\/logo\/image\/"}}]}},"_links":{"self":[{"href":"https:\/\/www.sunmeibutton.com\/it\/wp-json\/wp\/v2\/pages\/9763"}],"collection":[{"href":"https:\/\/www.sunmeibutton.com\/it\/wp-json\/wp\/v2\/pages"}],"about":[{"href":"https:\/\/www.sunmeibutton.com\/it\/wp-json\/wp\/v2\/types\/page"}],"author":[{"embeddable":true,"href":"https:\/\/www.sunmeibutton.com\/it\/wp-json\/wp\/v2\/users\/1"}],"replies":[{"embeddable":true,"href":"https:\/\/www.sunmeibutton.com\/it\/wp-json\/wp\/v2\/comments?post=9763"}],"version-history":[{"count":0,"href":"https:\/\/www.sunmeibutton.com\/it\/wp-json\/wp\/v2\/pages\/9763\/revisions"}],"wp:attachment":[{"href":"https:\/\/www.sunmeibutton.com\/it\/wp-json\/wp\/v2\/media?parent=9763"}],"curies":[{"name":"wp","href":"https:\/\/api.w.org\/{rel}","templated":true}]}}