{"id":8955,"date":"2018-05-16T16:11:28","date_gmt":"2018-05-16T08:11:28","guid":{"rendered":"https:\/\/www.sunmeibutton.com\/privacy\/"},"modified":"2018-09-21T17:41:28","modified_gmt":"2018-09-21T09:41:28","slug":"privacy","status":"publish","type":"page","link":"https:\/\/www.sunmeibutton.com\/es\/privacy\/","title":{"rendered":"Pol\u00edtica de privacidad"},"content":{"rendered":"\t\t<div data-elementor-type=\"wp-post\" data-elementor-id=\"8955\" class=\"elementor elementor-8955 elementor-bc-flex-widget\" data-elementor-post-type=\"page\">\n\t\t\t\t\t\t<section class=\"elementor-section elementor-top-section elementor-element elementor-element-af357f9 elementor-section-stretched elementor-section-boxed elementor-section-height-default elementor-section-height-default\" data-id=\"af357f9\" data-element_type=\"section\" data-settings=\"{&quot;stretch_section&quot;:&quot;section-stretched&quot;}\">\n\t\t\t\t\t\t<div class=\"elementor-container elementor-column-gap-default\">\n\t\t\t\t\t<div class=\"elementor-column elementor-col-100 elementor-top-column elementor-element elementor-element-1241531\" data-id=\"1241531\" data-element_type=\"column\">\n\t\t\t<div class=\"elementor-widget-wrap elementor-element-populated\">\n\t\t\t\t\t\t<div class=\"elementor-element elementor-element-e2d2ad3 elementor-widget elementor-widget-spacer\" data-id=\"e2d2ad3\" data-element_type=\"widget\" data-widget_type=\"spacer.default\">\n\t\t\t\t<div class=\"elementor-widget-container\">\n\t\t\t\t\t<div class=\"elementor-spacer\">\n\t\t\t<div class=\"elementor-spacer-inner\"><\/div>\n\t\t<\/div>\n\t\t\t\t<\/div>\n\t\t\t\t<\/div>\n\t\t\t\t<div class=\"elementor-element elementor-element-8f309b8 elementor-widget elementor-widget-heading\" data-id=\"8f309b8\" data-element_type=\"widget\" data-widget_type=\"heading.default\">\n\t\t\t\t<div class=\"elementor-widget-container\">\n\t\t\t<h2 class=\"elementor-heading-title elementor-size-default\">Pol\u00edtica de privacidad<\/h2>\t\t<\/div>\n\t\t\t\t<\/div>\n\t\t\t\t<div class=\"elementor-element elementor-element-f3bd2b5 elementor-widget elementor-widget-spacer\" data-id=\"f3bd2b5\" data-element_type=\"widget\" data-widget_type=\"spacer.default\">\n\t\t\t\t<div class=\"elementor-widget-container\">\n\t\t\t\t\t<div class=\"elementor-spacer\">\n\t\t\t<div class=\"elementor-spacer-inner\"><\/div>\n\t\t<\/div>\n\t\t\t\t<\/div>\n\t\t\t\t<\/div>\n\t\t\t\t<div class=\"elementor-element elementor-element-3233465 elementor-widget elementor-widget-text-editor\" data-id=\"3233465\" data-element_type=\"widget\" data-widget_type=\"text-editor.default\">\n\t\t\t\t<div class=\"elementor-widget-container\">\n\t\t\t\t\t\t\t<p>SUN MEI BUTTON respeta los derechos e intereses de privacidad de cada cliente. SUN MEI BUTTON observar\u00e1 los principios al procesar su informaci\u00f3n personal de manera justa y legal. Nos tomamos la protecci\u00f3n de los datos personales muy en serio. Queremos que sepa cu\u00e1ndo estamos almacenando sus datos, qu\u00e9 datos estamos almacenando y c\u00f3mo los estamos usando.<\/p><p>Informaci\u00f3n personal que nos proporciona a trav\u00e9s de nuestro sitio.<\/p><p>Podemos recopilar y almacenar informaci\u00f3n personal que usted elija voluntariamente proporcionarnos cuando la proporcione a trav\u00e9s del Sitio. Los tipos de informaci\u00f3n personal pueden incluir:<\/p><p>Nombre de la compa\u00f1\u00eda, nombre del contacto, t\u00edtulo del trabajo, sitio web de la compa\u00f1\u00eda, pa\u00eds, tipo de negocio, correo electr\u00f3nico, n\u00famero de tel\u00e9fono, n\u00famero de fax, direcci\u00f3n<br \/>Otra informaci\u00f3n personal que puede incluir en el contenido que env\u00eda en el Sitio.<\/p><p>Galleta:<br \/>Existe una tecnolog\u00eda llamada \u00abcookie\u00bb, que es un elemento de datos que un sitio web puede enviar a su navegador y que luego puede almacenar en su sistema. Algunas p\u00e1ginas del sitio usan cookies para que podamos servirle mejor cuando regrese a nuestro sitio. Puede configurar su navegador para que le notifique cuando reciba una cookie, y le dar\u00e1 la oportunidad de decidir si la acepta.<\/p><p>Usamos Track ID (cookies) para recopilar y almacenar informaci\u00f3n cuando visita nuestro sitio web; la informaci\u00f3n se guarda en Digital Ocean y se usa para identificar su navegador o dispositivo.<\/p><p>Las cookies no da\u00f1an su computadora y no contienen ning\u00fan virus. Las cookies ayudan a que nuestro sitio web sea m\u00e1s f\u00e1cil de usar, eficiente y seguro. Las cookies son peque\u00f1os archivos de texto que se almacenan en su computadora y guardan en su navegador. El uso de cookies nos permite proporcionarle ciertas funciones y nos proporciona informaci\u00f3n sobre las visitas al sitio web.<\/p><p><br \/>An\u00e1lisis web con Google Analytics<br \/>Usamos Google Analytics para analizar la actividad del usuario con el fin de mejorar el sitio web. Por ejemplo, al utilizar Google Analytics Cookies, podemos ver patrones agregados, como el n\u00famero promedio de b\u00fasquedas que realizan los usuarios, qu\u00e9 palabras clave buscaron los usuarios, pa\u00edses e idiomas. Podemos utilizar dicho an\u00e1lisis para obtener informaci\u00f3n sobre c\u00f3mo mejorar la funcionalidad y la experiencia del sitio web. Puede visitar la Pol\u00edtica de privacidad de Google Analytics en: https:\/\/policies.google.com\/technologies\/cookies.<\/p><p><br \/>Su informaci\u00f3n recopilada de otras tecnolog\u00edas<br \/>Adem\u00e1s de las cookies, utilizamos otras tecnolog\u00edas para mejorar su experiencia de usuario y la calidad general de nuestros servicios recopilando la siguiente informaci\u00f3n:<\/p><p>[visitante del sitio] visit\u00f3 el sitio web (URL)<br \/>[visitante del sitio] Direcci\u00f3n IP<br \/>[visitante del sitio] Marca, modelo y sistema operativo del dispositivo de conexi\u00f3n a Internet<br \/>[visitante del sitio] Navegador del dispositivo de conexi\u00f3n a Internet, resoluci\u00f3n, color [visitante del sitio] GeoIP<br \/>[visitante del sitio] ISP<\/p><p><br \/>C\u00f3mo usamos tu informaci\u00f3n personal<br \/>SUN MEI BUTTON proporcionar\u00e1 informaci\u00f3n sobre nuestros productos o cualquier otra informaci\u00f3n profesional en funci\u00f3n de las consultas recibidas. Sin su consentimiento expl\u00edcito o una base legal, sus datos personales o historial de navegaci\u00f3n no se transmiten a terceros fuera del alcance. Parte de los datos se recopilan para garantizar el correcto funcionamiento del sitio web. Se pueden usar otros datos para analizar c\u00f3mo los visitantes usan el sitio.<\/p><p><br \/>Informaci\u00f3n, bloqueo, eliminaci\u00f3n<br \/>Seg\u00fan lo permitido por la ley, usted tiene derecho a recibir, en cualquier momento, informaci\u00f3n gratuita sobre sus datos personales que se almacenan, su origen, el destinatario y el objetivo para el que se ha procesado. Tambi\u00e9n tiene derecho a que estos datos sean corregidos, bloqueados o eliminados. Puede ponerse en contacto con nosotros (service@sunmei.com.tw) en cualquier momento utilizando la direcci\u00f3n que figura en nuestro aviso legal si tiene m\u00e1s preguntas sobre el tema de los datos personales.<\/p><p>Toda la informaci\u00f3n recopilada se guarda durante 24 meses en Digital Ocean y se borra regularmente cada mes.<\/p><p><br \/>La protecci\u00f3n de sus datos personales<br \/>Sus datos personales se almacenan en DigitalOcean. DigitalOcean anuncia la membres\u00eda y el cumplimiento de CISPE con el primer c\u00f3digo de conducta para la protecci\u00f3n de datos en la nube.<\/p><p><br \/>Seguridad de informaci\u00f3n<br \/>Utilizamos la tecnolog\u00eda est\u00e1ndar de seguridad SSL o tecnolog\u00eda est\u00e1ndar HTTPS para mantener una conexi\u00f3n a Internet segura y salvaguardar los datos confidenciales que se env\u00edan entre dos sistemas, evitando que los delincuentes lean y modifiquen cualquier informaci\u00f3n transferida, incluidos posibles detalles personales.<\/p><p><br \/>Cambios a esta pol\u00edtica de privacidad<br \/>Podemos actualizar esta Pol\u00edtica de privacidad para reflejar los cambios en nuestras pr\u00e1cticas de informaci\u00f3n. Si hacemos alg\u00fan cambio importante, le notificaremos por correo electr\u00f3nico (enviado a la direcci\u00f3n de correo electr\u00f3nico especificada en su cuenta) o mediante un aviso en este sitio web antes de que el cambio entre en vigor.<\/p><p><br \/>Cont\u00e1ctenos<br \/>Si tiene alguna pregunta sobre c\u00f3mo protegemos su informaci\u00f3n personal, cont\u00e1ctenos:<\/p><p>Nombre de la empresa: SUN MEI BUTTON ENTERPRISE CO., LTD<br \/>Persona de contacto: Chiaen Li<br \/>Correo electr\u00f3nico: chiaenli@sunmei.com.tw<br \/>Tel: + 886-6-2920549 Ext 13ontacto: Chiaen Li<br \/>Correo electr\u00f3nico: chiaenli@sunmei.com.tw<br \/>Tel: + 886-6-2920549 Ext 13<\/p>\t\t\t\t\t\t<\/div>\n\t\t\t\t<\/div>\n\t\t\t\t<div class=\"elementor-element elementor-element-6ed649d elementor-widget elementor-widget-spacer\" data-id=\"6ed649d\" data-element_type=\"widget\" data-widget_type=\"spacer.default\">\n\t\t\t\t<div class=\"elementor-widget-container\">\n\t\t\t\t\t<div class=\"elementor-spacer\">\n\t\t\t<div class=\"elementor-spacer-inner\"><\/div>\n\t\t<\/div>\n\t\t\t\t<\/div>\n\t\t\t\t<\/div>\n\t\t\t\t\t<\/div>\n\t\t<\/div>\n\t\t\t\t\t<\/div>\n\t\t<\/section>\n\t\t\t\t<\/div>\n\t\t","protected":false},"excerpt":{"rendered":"<p>Pol\u00edtica de privacidad SUN MEI BUTTON respeta los derechos e intereses de privacidad de cada cliente. SUN MEI BUTTON observar\u00e1 los principios al procesar su informaci\u00f3n personal de manera justa y legal. Nos tomamos la protecci\u00f3n de los datos personales muy en serio. Queremos que sepa cu\u00e1ndo estamos almacenando sus datos, qu\u00e9 datos estamos almacenando [&hellip;]<\/p>\n","protected":false},"author":1,"featured_media":0,"parent":0,"menu_order":0,"comment_status":"closed","ping_status":"closed","template":"","meta":{"footnotes":""},"yoast_head":"<!-- This site is optimized with the Yoast SEO plugin v22.6 - https:\/\/yoast.com\/wordpress\/plugins\/seo\/ -->\n<title>Pol\u00edtica de privacidad - \u4e0a\u5c0a\u4f01\u696d\u6709\u9650\u516c\u53f8<\/title>\n<meta name=\"robots\" content=\"index, follow, max-snippet:-1, max-image-preview:large, max-video-preview:-1\" \/>\n<link rel=\"canonical\" href=\"https:\/\/www.sunmeibutton.com\/es\/privacy\/\" \/>\n<meta property=\"og:locale\" content=\"es_ES\" \/>\n<meta property=\"og:type\" content=\"article\" \/>\n<meta property=\"og:title\" content=\"Pol\u00edtica de privacidad - \u4e0a\u5c0a\u4f01\u696d\u6709\u9650\u516c\u53f8\" \/>\n<meta property=\"og:description\" content=\"Pol\u00edtica de privacidad SUN MEI BUTTON respeta los derechos e intereses de privacidad de cada cliente. SUN MEI BUTTON observar\u00e1 los principios al procesar su informaci\u00f3n personal de manera justa y legal. Nos tomamos la protecci\u00f3n de los datos personales muy en serio. Queremos que sepa cu\u00e1ndo estamos almacenando sus datos, qu\u00e9 datos estamos almacenando [&hellip;]\" \/>\n<meta property=\"og:url\" content=\"https:\/\/www.sunmeibutton.com\/es\/privacy\/\" \/>\n<meta property=\"og:site_name\" content=\"\u4e0a\u5c0a\u4f01\u696d\u6709\u9650\u516c\u53f8\" \/>\n<meta property=\"article:modified_time\" content=\"2018-09-21T09:41:28+00:00\" \/>\n<meta name=\"twitter:card\" content=\"summary_large_image\" \/>\n<meta name=\"twitter:label1\" content=\"Tiempo de lectura\" \/>\n\t<meta name=\"twitter:data1\" content=\"5 minutos\" \/>\n<!-- \/ Yoast SEO plugin. -->","yoast_head_json":{"title":"Pol\u00edtica de privacidad - \u4e0a\u5c0a\u4f01\u696d\u6709\u9650\u516c\u53f8","robots":{"index":"index","follow":"follow","max-snippet":"max-snippet:-1","max-image-preview":"max-image-preview:large","max-video-preview":"max-video-preview:-1"},"canonical":"https:\/\/www.sunmeibutton.com\/es\/privacy\/","og_locale":"es_ES","og_type":"article","og_title":"Pol\u00edtica de privacidad - \u4e0a\u5c0a\u4f01\u696d\u6709\u9650\u516c\u53f8","og_description":"Pol\u00edtica de privacidad SUN MEI BUTTON respeta los derechos e intereses de privacidad de cada cliente. SUN MEI BUTTON observar\u00e1 los principios al procesar su informaci\u00f3n personal de manera justa y legal. Nos tomamos la protecci\u00f3n de los datos personales muy en serio. Queremos que sepa cu\u00e1ndo estamos almacenando sus datos, qu\u00e9 datos estamos almacenando [&hellip;]","og_url":"https:\/\/www.sunmeibutton.com\/es\/privacy\/","og_site_name":"\u4e0a\u5c0a\u4f01\u696d\u6709\u9650\u516c\u53f8","article_modified_time":"2018-09-21T09:41:28+00:00","twitter_card":"summary_large_image","twitter_misc":{"Tiempo de lectura":"5 minutos"},"schema":{"@context":"https:\/\/schema.org","@graph":[{"@type":"WebPage","@id":"https:\/\/www.sunmeibutton.com\/es\/privacy\/","url":"https:\/\/www.sunmeibutton.com\/es\/privacy\/","name":"Pol\u00edtica de privacidad - \u4e0a\u5c0a\u4f01\u696d\u6709\u9650\u516c\u53f8","isPartOf":{"@id":"https:\/\/www.sunmeibutton.com\/#website"},"datePublished":"2018-05-16T08:11:28+00:00","dateModified":"2018-09-21T09:41:28+00:00","breadcrumb":{"@id":"https:\/\/www.sunmeibutton.com\/es\/privacy\/#breadcrumb"},"inLanguage":"es","potentialAction":[{"@type":"ReadAction","target":["https:\/\/www.sunmeibutton.com\/es\/privacy\/"]}]},{"@type":"BreadcrumbList","@id":"https:\/\/www.sunmeibutton.com\/es\/privacy\/#breadcrumb","itemListElement":[{"@type":"ListItem","position":1,"name":"","item":"https:\/\/www.sunmeibutton.com\/es\/"},{"@type":"ListItem","position":2,"name":"Pol\u00edtica de privacidad"}]},{"@type":"WebSite","@id":"https:\/\/www.sunmeibutton.com\/#website","url":"https:\/\/www.sunmeibutton.com\/","name":"\u4e0a\u5c0a\u4f01\u696d\u6709\u9650\u516c\u53f8","description":"SUN MEI BUTTON ENTERPRISE CO., LTD","publisher":{"@id":"https:\/\/www.sunmeibutton.com\/#organization"},"potentialAction":[{"@type":"SearchAction","target":{"@type":"EntryPoint","urlTemplate":"https:\/\/www.sunmeibutton.com\/?s={search_term_string}"},"query-input":"required name=search_term_string"}],"inLanguage":"es"},{"@type":"Organization","@id":"https:\/\/www.sunmeibutton.com\/#organization","name":"\u4e0a\u5c0a\u4f01\u696d\u6709\u9650\u516c\u53f8","url":"https:\/\/www.sunmeibutton.com\/","logo":{"@type":"ImageObject","inLanguage":"es","@id":"https:\/\/www.sunmeibutton.com\/#\/schema\/logo\/image\/","url":"https:\/\/www.sunmeibutton.com\/wp-content\/uploads\/2018\/05\/logo.jpg","contentUrl":"https:\/\/www.sunmeibutton.com\/wp-content\/uploads\/2018\/05\/logo.jpg","width":300,"height":300,"caption":"\u4e0a\u5c0a\u4f01\u696d\u6709\u9650\u516c\u53f8"},"image":{"@id":"https:\/\/www.sunmeibutton.com\/#\/schema\/logo\/image\/"}}]}},"_links":{"self":[{"href":"https:\/\/www.sunmeibutton.com\/es\/wp-json\/wp\/v2\/pages\/8955"}],"collection":[{"href":"https:\/\/www.sunmeibutton.com\/es\/wp-json\/wp\/v2\/pages"}],"about":[{"href":"https:\/\/www.sunmeibutton.com\/es\/wp-json\/wp\/v2\/types\/page"}],"author":[{"embeddable":true,"href":"https:\/\/www.sunmeibutton.com\/es\/wp-json\/wp\/v2\/users\/1"}],"replies":[{"embeddable":true,"href":"https:\/\/www.sunmeibutton.com\/es\/wp-json\/wp\/v2\/comments?post=8955"}],"version-history":[{"count":0,"href":"https:\/\/www.sunmeibutton.com\/es\/wp-json\/wp\/v2\/pages\/8955\/revisions"}],"wp:attachment":[{"href":"https:\/\/www.sunmeibutton.com\/es\/wp-json\/wp\/v2\/media?parent=8955"}],"curies":[{"name":"wp","href":"https:\/\/api.w.org\/{rel}","templated":true}]}}