{"id":8650,"date":"2018-05-18T15:16:09","date_gmt":"2018-05-18T07:16:09","guid":{"rendered":"https:\/\/www.sunmeibutton.com\/application\/"},"modified":"2020-09-22T11:13:26","modified_gmt":"2020-09-22T03:13:26","slug":"application","status":"publish","type":"page","link":"https:\/\/www.sunmeibutton.com\/es\/application\/","title":{"rendered":"Aplicaci\u00f3n"},"content":{"rendered":"\t\t<div data-elementor-type=\"wp-post\" data-elementor-id=\"8650\" class=\"elementor elementor-8650\" data-elementor-post-type=\"page\">\n\t\t\t\t\t\t<section class=\"elementor-section elementor-top-section elementor-element elementor-element-6a0539d elementor-section-stretched elementor-section-boxed elementor-section-height-default elementor-section-height-default\" data-id=\"6a0539d\" data-element_type=\"section\" data-settings=\"{&quot;stretch_section&quot;:&quot;section-stretched&quot;,&quot;background_background&quot;:&quot;classic&quot;}\">\n\t\t\t\t\t\t<div class=\"elementor-container elementor-column-gap-default\">\n\t\t\t\t\t<div class=\"elementor-column elementor-col-100 elementor-top-column elementor-element elementor-element-b97432a\" data-id=\"b97432a\" data-element_type=\"column\">\n\t\t\t<div class=\"elementor-widget-wrap elementor-element-populated\">\n\t\t\t\t\t\t<div class=\"elementor-element elementor-element-bdb1549 elementor-grid-3 elementor-grid-tablet-2 elementor-grid-mobile-1 elementor-posts--thumbnail-top elementor-card-shadow-yes elementor-posts__hover-gradient elementor-widget elementor-widget-posts\" data-id=\"bdb1549\" data-element_type=\"widget\" data-settings=\"{&quot;pagination_type&quot;:&quot;numbers&quot;,&quot;cards_columns&quot;:&quot;3&quot;,&quot;cards_columns_tablet&quot;:&quot;2&quot;,&quot;cards_columns_mobile&quot;:&quot;1&quot;,&quot;cards_row_gap&quot;:{&quot;unit&quot;:&quot;px&quot;,&quot;size&quot;:35,&quot;sizes&quot;:[]},&quot;cards_row_gap_tablet&quot;:{&quot;unit&quot;:&quot;px&quot;,&quot;size&quot;:&quot;&quot;,&quot;sizes&quot;:[]},&quot;cards_row_gap_mobile&quot;:{&quot;unit&quot;:&quot;px&quot;,&quot;size&quot;:&quot;&quot;,&quot;sizes&quot;:[]}}\" data-widget_type=\"posts.cards\">\n\t\t\t\t<div class=\"elementor-widget-container\">\n\t\t\t\t\t<div class=\"elementor-posts-container elementor-posts elementor-posts--skin-cards elementor-grid\">\n\t\t\t\t<article class=\"elementor-post elementor-grid-item post-53049 post type-post status-publish format-standard has-post-thumbnail hentry category-application-es tag-craft-rhinestones-es tag-inspiration-es tag-diy-crafts-zh-hant-es tag-diy-materials-zh-hant-es entry has-media\">\n\t\t\t<div class=\"elementor-post__card\">\n\t\t\t\t<a class=\"elementor-post__thumbnail__link\" href=\"https:\/\/www.sunmeibutton.com\/es\/rhinestone-clock\/\" tabindex=\"-1\" ><div class=\"elementor-post__thumbnail\"><img fetchpriority=\"high\" decoding=\"async\" width=\"1080\" height=\"608\" src=\"https:\/\/www.sunmeibutton.com\/wp-content\/uploads\/rhinestone-clock-1.jpg\" class=\"attachment-medium size-medium wp-image-47021\" alt=\"rhinestone clock\" srcset=\"https:\/\/www.sunmeibutton.com\/wp-content\/uploads\/rhinestone-clock-1.jpg 1080w, https:\/\/www.sunmeibutton.com\/wp-content\/uploads\/rhinestone-clock-1-768x432.jpg 768w\" sizes=\"(max-width: 1080px) 100vw, 1080px\" \/><\/div><\/a>\n\t\t\t\t<div class=\"elementor-post__text\">\n\t\t\t\t<h3 class=\"elementor-post__title\">\n\t\t\t<a href=\"https:\/\/www.sunmeibutton.com\/es\/rhinestone-clock\/\" >\n\t\t\t\tC\u00f3mo hacer un reloj de pedrer\u00eda reluciente\t\t\t<\/a>\n\t\t<\/h3>\n\t\t\t\t<div class=\"elementor-post__excerpt\">\n\t\t\t<p>\u00a1A todo el mundo le encanta un upcycle de IKEA! Convierta un reloj de pared IKEA b\u00e1sico en un deslumbrante reloj de diamantes de imitaci\u00f3n. \u00a1Simplemente siga nuestra sencilla gu\u00eda paso a paso para llevar algo de brillo a su hogar!<\/p>\n\t\t<\/div>\n\t\t\n\t\t<a class=\"elementor-post__read-more\" href=\"https:\/\/www.sunmeibutton.com\/es\/rhinestone-clock\/\" aria-label=\"M\u00e1s informaci\u00f3n sobre C\u00f3mo hacer un reloj de pedrer\u00eda reluciente\" tabindex=\"-1\" >\n\t\t\tRead more \u00bb\t\t<\/a>\n\n\t\t\t\t<\/div>\n\t\t\t\t\t<\/div>\n\t\t<\/article>\n\t\t\t\t<article class=\"elementor-post elementor-grid-item post-45727 post type-post status-publish format-standard has-post-thumbnail hentry category-application-es tag-rhinestone-hair-accessories-es tag-jewelled-headband-es tag-inspiration-es tag-rhinestone-hair-clips-es entry has-media\">\n\t\t\t<div class=\"elementor-post__card\">\n\t\t\t\t<a class=\"elementor-post__thumbnail__link\" href=\"https:\/\/www.sunmeibutton.com\/es\/rhinestone-hair-pin\/\" tabindex=\"-1\" ><div class=\"elementor-post__thumbnail\"><img decoding=\"async\" width=\"1920\" height=\"1080\" src=\"https:\/\/www.sunmeibutton.com\/wp-content\/uploads\/Rhinestone-Hair-Pin.jpg\" class=\"attachment-medium size-medium wp-image-45276\" alt=\"Rhinestone Hair Pin\" srcset=\"https:\/\/www.sunmeibutton.com\/wp-content\/uploads\/Rhinestone-Hair-Pin.jpg 1920w, https:\/\/www.sunmeibutton.com\/wp-content\/uploads\/Rhinestone-Hair-Pin-768x432.jpg 768w, https:\/\/www.sunmeibutton.com\/wp-content\/uploads\/Rhinestone-Hair-Pin-1536x864.jpg 1536w\" sizes=\"(max-width: 1920px) 100vw, 1920px\" \/><\/div><\/a>\n\t\t\t\t<div class=\"elementor-post__text\">\n\t\t\t\t<h3 class=\"elementor-post__title\">\n\t\t\t<a href=\"https:\/\/www.sunmeibutton.com\/es\/rhinestone-hair-pin\/\" >\n\t\t\t\t6 hermosas ideas para horquillas de pelo de diamantes de imitaci\u00f3n\t\t\t<\/a>\n\t\t<\/h3>\n\t\t\t\t<div class=\"elementor-post__excerpt\">\n\t\t\t<p>\u00bfBusca ideas para horquillas de diamantes de imitaci\u00f3n? Insp\u00edrese con estos seis impresionantes dise\u00f1os de joyas para el cabello, \u00a1todos con pedrer\u00eda brillante y hermosos colores!<\/p>\n\t\t<\/div>\n\t\t\n\t\t<a class=\"elementor-post__read-more\" href=\"https:\/\/www.sunmeibutton.com\/es\/rhinestone-hair-pin\/\" aria-label=\"M\u00e1s informaci\u00f3n sobre 6 hermosas ideas para horquillas de pelo de diamantes de imitaci\u00f3n\" tabindex=\"-1\" >\n\t\t\tRead more \u00bb\t\t<\/a>\n\n\t\t\t\t<\/div>\n\t\t\t\t\t<\/div>\n\t\t<\/article>\n\t\t\t\t<article class=\"elementor-post elementor-grid-item post-45721 post type-post status-publish format-standard has-post-thumbnail hentry category-application-es tag-nail-art-zh-hant-es tag-inspiration-es entry has-media\">\n\t\t\t<div class=\"elementor-post__card\">\n\t\t\t\t<a class=\"elementor-post__thumbnail__link\" href=\"https:\/\/www.sunmeibutton.com\/es\/rhinestone-nail-art\/\" tabindex=\"-1\" ><div class=\"elementor-post__thumbnail\"><img decoding=\"async\" width=\"1366\" height=\"768\" src=\"https:\/\/www.sunmeibutton.com\/wp-content\/uploads\/Nail-Art-Desings.jpg\" class=\"attachment-medium size-medium wp-image-45656\" alt=\"Nail Art Designs\" srcset=\"https:\/\/www.sunmeibutton.com\/wp-content\/uploads\/Nail-Art-Desings.jpg 1366w, https:\/\/www.sunmeibutton.com\/wp-content\/uploads\/Nail-Art-Desings-768x432.jpg 768w\" sizes=\"(max-width: 1366px) 100vw, 1366px\" \/><\/div><\/a>\n\t\t\t\t<div class=\"elementor-post__text\">\n\t\t\t\t<h3 class=\"elementor-post__title\">\n\t\t\t<a href=\"https:\/\/www.sunmeibutton.com\/es\/rhinestone-nail-art\/\" >\n\t\t\t\t6 hermosos dise\u00f1os de u\u00f1as de diamantes de imitaci\u00f3n para probar ahora mismo\t\t\t<\/a>\n\t\t<\/h3>\n\t\t\t\t<div class=\"elementor-post__excerpt\">\n\t\t\t<p>Insp\u00edrese con estos seis impresionantes dise\u00f1os de u\u00f1as de diamantes de imitaci\u00f3n. Desde m\u00e1rmol hasta perlas y el m\u00e1ximo brillo, le mostramos las \u00faltimas y mejores tendencias en u\u00f1as. <\/p>\n\t\t<\/div>\n\t\t\n\t\t<a class=\"elementor-post__read-more\" href=\"https:\/\/www.sunmeibutton.com\/es\/rhinestone-nail-art\/\" aria-label=\"M\u00e1s informaci\u00f3n sobre 6 hermosos dise\u00f1os de u\u00f1as de diamantes de imitaci\u00f3n para probar ahora mismo\" tabindex=\"-1\" >\n\t\t\tRead more \u00bb\t\t<\/a>\n\n\t\t\t\t<\/div>\n\t\t\t\t\t<\/div>\n\t\t<\/article>\n\t\t\t\t<article class=\"elementor-post elementor-grid-item post-45184 post type-post status-publish format-standard has-post-thumbnail hentry category-application-es tag-fashion-shows-es tag-fashion-elements-es entry has-media\">\n\t\t\t<div class=\"elementor-post__card\">\n\t\t\t\t<a class=\"elementor-post__thumbnail__link\" href=\"https:\/\/www.sunmeibutton.com\/es\/rhinestone-shoe-accessories\/\" tabindex=\"-1\" ><div class=\"elementor-post__thumbnail\"><img loading=\"lazy\" decoding=\"async\" width=\"1024\" height=\"768\" src=\"https:\/\/www.sunmeibutton.com\/wp-content\/uploads\/rhinestone-shoe-accessories-21.jpg\" class=\"attachment-medium size-medium wp-image-45072\" alt=\"rhinestone shoe accessories-21\" srcset=\"https:\/\/www.sunmeibutton.com\/wp-content\/uploads\/rhinestone-shoe-accessories-21.jpg 1024w, https:\/\/www.sunmeibutton.com\/wp-content\/uploads\/rhinestone-shoe-accessories-21-768x576.jpg 768w\" sizes=\"(max-width: 1024px) 100vw, 1024px\" \/><\/div><\/a>\n\t\t\t\t<div class=\"elementor-post__text\">\n\t\t\t\t<h3 class=\"elementor-post__title\">\n\t\t\t<a href=\"https:\/\/www.sunmeibutton.com\/es\/rhinestone-shoe-accessories\/\" >\n\t\t\t\tLas 5 principales tendencias en accesorios de calzado para 2020\t\t\t<\/a>\n\t\t<\/h3>\n\t\t\t\t<div class=\"elementor-post__excerpt\">\n\t\t\t<p>Aqu\u00ed aprender\u00e1 todo sobre las tendencias de calzado 2020 y c\u00f3mo puede incorporar accesorios en sus dise\u00f1os, incluidos los accesorios de zapatos de diamantes de imitaci\u00f3n.<\/p>\n\t\t<\/div>\n\t\t\n\t\t<a class=\"elementor-post__read-more\" href=\"https:\/\/www.sunmeibutton.com\/es\/rhinestone-shoe-accessories\/\" aria-label=\"M\u00e1s informaci\u00f3n sobre Las 5 principales tendencias en accesorios de calzado para 2020\" tabindex=\"-1\" >\n\t\t\tRead more \u00bb\t\t<\/a>\n\n\t\t\t\t<\/div>\n\t\t\t\t\t<\/div>\n\t\t<\/article>\n\t\t\t\t<article class=\"elementor-post elementor-grid-item post-35518 post type-post status-publish format-standard has-post-thumbnail hentry category-application-es tag-bulk-rhinestone-buttons-es tag-pearl-button-es tag-shank-buttons-es tag-bouquet-ideas-es-2 tag-bouquet-ideas-es tag-inspiration-es tag-rhinestone-bouquet-es tag-rhinestone-bouquet-es-2 tag-shank-buttons-es-2 entry has-media\">\n\t\t\t<div class=\"elementor-post__card\">\n\t\t\t\t<a class=\"elementor-post__thumbnail__link\" href=\"https:\/\/www.sunmeibutton.com\/es\/rhinestone-bouquet-ideas\/\" tabindex=\"-1\" ><div class=\"elementor-post__thumbnail\"><img loading=\"lazy\" decoding=\"async\" width=\"1080\" height=\"720\" src=\"https:\/\/www.sunmeibutton.com\/wp-content\/uploads\/rhinestone-bouquet-ideas-cover.jpg\" class=\"attachment-medium size-medium wp-image-35431\" alt=\"rhinestone bouquet ideas-cover\" srcset=\"https:\/\/www.sunmeibutton.com\/wp-content\/uploads\/rhinestone-bouquet-ideas-cover.jpg 1080w, https:\/\/www.sunmeibutton.com\/wp-content\/uploads\/rhinestone-bouquet-ideas-cover-768x512.jpg 768w\" sizes=\"(max-width: 1080px) 100vw, 1080px\" \/><\/div><\/a>\n\t\t\t\t<div class=\"elementor-post__text\">\n\t\t\t\t<h3 class=\"elementor-post__title\">\n\t\t\t<a href=\"https:\/\/www.sunmeibutton.com\/es\/rhinestone-bouquet-ideas\/\" >\n\t\t\t\t5 ideas \u00fanicas de ramos con diamantes de imitaci\u00f3n\t\t\t<\/a>\n\t\t<\/h3>\n\t\t\t\t<div class=\"elementor-post__excerpt\">\n\t\t\t<p>\u00bfBusca un ramo de novia original? Vea estas cinco ideas \u00fanicas de ramo con diamantes de imitaci\u00f3n. Desde boho hasta corbata negra, hay algo para cada tipo de boda. <\/p>\n\t\t<\/div>\n\t\t\n\t\t<a class=\"elementor-post__read-more\" href=\"https:\/\/www.sunmeibutton.com\/es\/rhinestone-bouquet-ideas\/\" aria-label=\"M\u00e1s informaci\u00f3n sobre 5 ideas \u00fanicas de ramos con diamantes de imitaci\u00f3n\" tabindex=\"-1\" >\n\t\t\tRead more \u00bb\t\t<\/a>\n\n\t\t\t\t<\/div>\n\t\t\t\t\t<\/div>\n\t\t<\/article>\n\t\t\t\t<article class=\"elementor-post elementor-grid-item post-33992 post type-post status-publish format-standard has-post-thumbnail hentry category-application-es category-fashion-trends-es tag-rhinestone-hair-accessories-es tag-fashion-shows-es tag-jewelled-headband-es tag-fashion-elements-es tag-rhinestone-hair-clips-es entry has-media\">\n\t\t\t<div class=\"elementor-post__card\">\n\t\t\t\t<a class=\"elementor-post__thumbnail__link\" href=\"https:\/\/www.sunmeibutton.com\/es\/rhinestone-hair-accessories\/\" tabindex=\"-1\" ><div class=\"elementor-post__thumbnail\"><img loading=\"lazy\" decoding=\"async\" width=\"1080\" height=\"720\" src=\"https:\/\/www.sunmeibutton.com\/wp-content\/uploads\/rhinestone-hair-accessories-cover.jpg\" class=\"attachment-medium size-medium wp-image-33977\" alt=\"rhinestone hair accessories-cover\" srcset=\"https:\/\/www.sunmeibutton.com\/wp-content\/uploads\/rhinestone-hair-accessories-cover.jpg 1080w, https:\/\/www.sunmeibutton.com\/wp-content\/uploads\/rhinestone-hair-accessories-cover-768x512.jpg 768w\" sizes=\"(max-width: 1080px) 100vw, 1080px\" \/><\/div><\/a>\n\t\t\t\t<div class=\"elementor-post__text\">\n\t\t\t\t<h3 class=\"elementor-post__title\">\n\t\t\t<a href=\"https:\/\/www.sunmeibutton.com\/es\/rhinestone-hair-accessories\/\" >\n\t\t\t\t5 maneras de usar diamantes de imitaci\u00f3n en accesorios de moda para el cabello\t\t\t<\/a>\n\t\t<\/h3>\n\t\t\t\t<div class=\"elementor-post__excerpt\">\n\t\t\t<p>Los accesorios de moda para el cabello se han vuelto extremadamente populares recientemente. \u00a1Aprenda todo sobre c\u00f3mo usar pedrer\u00eda en accesorios para el cabello en 2020! <\/p>\n\t\t<\/div>\n\t\t\n\t\t<a class=\"elementor-post__read-more\" href=\"https:\/\/www.sunmeibutton.com\/es\/rhinestone-hair-accessories\/\" aria-label=\"M\u00e1s informaci\u00f3n sobre 5 maneras de usar diamantes de imitaci\u00f3n en accesorios de moda para el cabello\" tabindex=\"-1\" >\n\t\t\tRead more \u00bb\t\t<\/a>\n\n\t\t\t\t<\/div>\n\t\t\t\t\t<\/div>\n\t\t<\/article>\n\t\t\t\t<article class=\"elementor-post elementor-grid-item post-33509 post type-post status-publish format-standard has-post-thumbnail hentry category-application-es tag-craft-rhinestones-es tag-inspiration-es tag-diy-crafts-zh-hant-es tag-diy-materials-zh-hant-es tag-flatback-rhinestones-es entry has-media\">\n\t\t\t<div class=\"elementor-post__card\">\n\t\t\t\t<a class=\"elementor-post__thumbnail__link\" href=\"https:\/\/www.sunmeibutton.com\/es\/craft-rhinestones\/\" tabindex=\"-1\" ><div class=\"elementor-post__thumbnail\"><img loading=\"lazy\" decoding=\"async\" width=\"1080\" height=\"720\" src=\"https:\/\/www.sunmeibutton.com\/wp-content\/uploads\/6-craft-rhinestones-diy-project.jpg\" class=\"attachment-medium size-medium wp-image-33493\" alt=\"6 craft rhinestones diy project\" srcset=\"https:\/\/www.sunmeibutton.com\/wp-content\/uploads\/6-craft-rhinestones-diy-project.jpg 1080w, https:\/\/www.sunmeibutton.com\/wp-content\/uploads\/6-craft-rhinestones-diy-project-768x512.jpg 768w\" sizes=\"(max-width: 1080px) 100vw, 1080px\" \/><\/div><\/a>\n\t\t\t\t<div class=\"elementor-post__text\">\n\t\t\t\t<h3 class=\"elementor-post__title\">\n\t\t\t<a href=\"https:\/\/www.sunmeibutton.com\/es\/craft-rhinestones\/\" >\n\t\t\t\t6 ideas lindas y coloridas de arte con pedrer\u00eda\t\t\t<\/a>\n\t\t<\/h3>\n\t\t\t\t<div class=\"elementor-post__excerpt\">\n\t\t\t<p>\u00bfHa probado todas las ideas para manualidades habituales? \u00bfBusca algo un poco diferente? Mire estas 6 ideas para manualidades con pedrer\u00eda f\u00e1ciles, lindas y coloridas.  <\/p>\n\t\t<\/div>\n\t\t\n\t\t<a class=\"elementor-post__read-more\" href=\"https:\/\/www.sunmeibutton.com\/es\/craft-rhinestones\/\" aria-label=\"M\u00e1s informaci\u00f3n sobre 6 ideas lindas y coloridas de arte con pedrer\u00eda\" tabindex=\"-1\" >\n\t\t\tRead more \u00bb\t\t<\/a>\n\n\t\t\t\t<\/div>\n\t\t\t\t\t<\/div>\n\t\t<\/article>\n\t\t\t\t<article class=\"elementor-post elementor-grid-item post-20442 post type-post status-publish format-standard has-post-thumbnail hentry category-application-es tag-inspiration-es tag-diy-crafts-zh-hant-es tag-diy-materials-zh-hant-es tag-assorted-rhinestones-es entry has-media\">\n\t\t\t<div class=\"elementor-post__card\">\n\t\t\t\t<a class=\"elementor-post__thumbnail__link\" href=\"https:\/\/www.sunmeibutton.com\/es\/kaleidoscope-diy-2\/\" tabindex=\"-1\" ><div class=\"elementor-post__thumbnail\"><img loading=\"lazy\" decoding=\"async\" width=\"1080\" height=\"720\" src=\"https:\/\/www.sunmeibutton.com\/wp-content\/uploads\/2019\/09\/kaleidoscope-diy-with-assorted-rhinestone-23.jpg\" class=\"attachment-medium size-medium wp-image-20088\" alt=\"kaleidoscope diy with assorted rhinestone-23\" srcset=\"https:\/\/www.sunmeibutton.com\/wp-content\/uploads\/2019\/09\/kaleidoscope-diy-with-assorted-rhinestone-23.jpg 1080w, https:\/\/www.sunmeibutton.com\/wp-content\/uploads\/2019\/09\/kaleidoscope-diy-with-assorted-rhinestone-23-768x512.jpg 768w\" sizes=\"(max-width: 1080px) 100vw, 1080px\" \/><\/div><\/a>\n\t\t\t\t<div class=\"elementor-post__text\">\n\t\t\t\t<h3 class=\"elementor-post__title\">\n\t\t\t<a href=\"https:\/\/www.sunmeibutton.com\/es\/kaleidoscope-diy-2\/\" >\n\t\t\t\tIdeas de manualidades: surtido de diamantes de imitaci\u00f3n para caleidoscopio\t\t\t<\/a>\n\t\t<\/h3>\n\t\t\t\t<div class=\"elementor-post__excerpt\">\n\t\t\t<p>\u00bfEst\u00e1 buscando ideas de manualidades? Consulte nuestra gu\u00eda paso a paso para crear un caleidoscopio de pedrer\u00eda variado y colorido. A sus clientes les encantar\u00e1<\/p>\n\t\t<\/div>\n\t\t\n\t\t<a class=\"elementor-post__read-more\" href=\"https:\/\/www.sunmeibutton.com\/es\/kaleidoscope-diy-2\/\" aria-label=\"M\u00e1s informaci\u00f3n sobre Ideas de manualidades: surtido de diamantes de imitaci\u00f3n para caleidoscopio\" tabindex=\"-1\" >\n\t\t\tRead more \u00bb\t\t<\/a>\n\n\t\t\t\t<\/div>\n\t\t\t\t\t<\/div>\n\t\t<\/article>\n\t\t\t\t<article class=\"elementor-post elementor-grid-item post-19015 post type-post status-publish format-standard has-post-thumbnail hentry category-application-es category-fashion-trends-es tag-bulk-rhinestone-buttons-es tag-jewelry-design-es tag-rhinestone-bracelet-es entry has-media\">\n\t\t\t<div class=\"elementor-post__card\">\n\t\t\t\t<a class=\"elementor-post__thumbnail__link\" href=\"https:\/\/www.sunmeibutton.com\/es\/jewelry-for-summer-2019\/\" tabindex=\"-1\" ><div class=\"elementor-post__thumbnail\"><img loading=\"lazy\" decoding=\"async\" width=\"640\" height=\"480\" src=\"https:\/\/www.sunmeibutton.com\/wp-content\/uploads\/2019\/05\/jewelry-for-summer-2019-reje-4.jpg\" class=\"attachment-medium size-medium wp-image-18811\" alt=\"jewelry for summer 2019-reje-4\" \/><\/div><\/a>\n\t\t\t\t<div class=\"elementor-post__text\">\n\t\t\t\t<h3 class=\"elementor-post__title\">\n\t\t\t<a href=\"https:\/\/www.sunmeibutton.com\/es\/jewelry-for-summer-2019\/\" >\n\t\t\t\tJoyas para el verano 2019 \u2013 Inspiraci\u00f3n de dise\u00f1o\t\t\t<\/a>\n\t\t<\/h3>\n\t\t\t\t<div class=\"elementor-post__excerpt\">\n\t\t\t<p>Es hora de pensar en las joyas de verano 2019. Vea las tendencias m\u00e1s importantes de la temporada y reciba inspiraci\u00f3n de la dise\u00f1adora de joyer\u00eda italiana, Renata.<\/p>\n\t\t<\/div>\n\t\t\n\t\t<a class=\"elementor-post__read-more\" href=\"https:\/\/www.sunmeibutton.com\/es\/jewelry-for-summer-2019\/\" aria-label=\"M\u00e1s informaci\u00f3n sobre Joyas para el verano 2019 \u2013 Inspiraci\u00f3n de dise\u00f1o\" tabindex=\"-1\" >\n\t\t\tRead more \u00bb\t\t<\/a>\n\n\t\t\t\t<\/div>\n\t\t\t\t\t<\/div>\n\t\t<\/article>\n\t\t\t\t<\/div>\n\t\t\n\t\t\t\t<div class=\"e-load-more-anchor\" data-page=\"1\" data-max-page=\"2\" data-next-page=\"https:\/\/www.sunmeibutton.com\/es\/wp-json\/wp\/v2\/pages\/8650\/page\/2\/\"><\/div>\n\t\t\t\t<nav class=\"elementor-pagination\" aria-label=\"Paginaci\u00f3n\">\n\t\t\t<span aria-current=\"page\" class=\"page-numbers current\"><span class=\"elementor-screen-only\">P\u00e1gina<\/span>1<\/span>\n<a class=\"page-numbers\" href=\"https:\/\/www.sunmeibutton.com\/es\/wp-json\/wp\/v2\/pages\/8650\/page\/2\/\"><span class=\"elementor-screen-only\">P\u00e1gina<\/span>2<\/a>\t\t<\/nav>\n\t\t\t\t<\/div>\n\t\t\t\t<\/div>\n\t\t\t\t\t<\/div>\n\t\t<\/div>\n\t\t\t\t\t<\/div>\n\t\t<\/section>\n\t\t\t\t<\/div>\n\t\t","protected":false},"excerpt":{"rendered":"","protected":false},"author":1,"featured_media":0,"parent":0,"menu_order":0,"comment_status":"closed","ping_status":"closed","template":"","meta":{"footnotes":""},"yoast_head":"<!-- This site is optimized with the Yoast SEO plugin v22.6 - https:\/\/yoast.com\/wordpress\/plugins\/seo\/ -->\n<title>Aplicaci\u00f3n - \u4e0a\u5c0a\u4f01\u696d\u6709\u9650\u516c\u53f8<\/title>\n<meta name=\"robots\" content=\"index, follow, max-snippet:-1, max-image-preview:large, max-video-preview:-1\" \/>\n<link rel=\"canonical\" href=\"https:\/\/www.sunmeibutton.com\/es\/application\/\" \/>\n<meta property=\"og:locale\" content=\"es_ES\" \/>\n<meta property=\"og:type\" content=\"article\" \/>\n<meta property=\"og:title\" content=\"Aplicaci\u00f3n - \u4e0a\u5c0a\u4f01\u696d\u6709\u9650\u516c\u53f8\" \/>\n<meta property=\"og:url\" content=\"https:\/\/www.sunmeibutton.com\/es\/application\/\" \/>\n<meta property=\"og:site_name\" content=\"\u4e0a\u5c0a\u4f01\u696d\u6709\u9650\u516c\u53f8\" \/>\n<meta property=\"article:modified_time\" content=\"2020-09-22T03:13:26+00:00\" \/>\n<meta name=\"twitter:card\" content=\"summary_large_image\" \/>\n<!-- \/ Yoast SEO plugin. -->","yoast_head_json":{"title":"Aplicaci\u00f3n - \u4e0a\u5c0a\u4f01\u696d\u6709\u9650\u516c\u53f8","robots":{"index":"index","follow":"follow","max-snippet":"max-snippet:-1","max-image-preview":"max-image-preview:large","max-video-preview":"max-video-preview:-1"},"canonical":"https:\/\/www.sunmeibutton.com\/es\/application\/","og_locale":"es_ES","og_type":"article","og_title":"Aplicaci\u00f3n - \u4e0a\u5c0a\u4f01\u696d\u6709\u9650\u516c\u53f8","og_url":"https:\/\/www.sunmeibutton.com\/es\/application\/","og_site_name":"\u4e0a\u5c0a\u4f01\u696d\u6709\u9650\u516c\u53f8","article_modified_time":"2020-09-22T03:13:26+00:00","twitter_card":"summary_large_image","schema":{"@context":"https:\/\/schema.org","@graph":[{"@type":"WebPage","@id":"https:\/\/www.sunmeibutton.com\/es\/application\/","url":"https:\/\/www.sunmeibutton.com\/es\/application\/","name":"Aplicaci\u00f3n - \u4e0a\u5c0a\u4f01\u696d\u6709\u9650\u516c\u53f8","isPartOf":{"@id":"https:\/\/www.sunmeibutton.com\/#website"},"datePublished":"2018-05-18T07:16:09+00:00","dateModified":"2020-09-22T03:13:26+00:00","breadcrumb":{"@id":"https:\/\/www.sunmeibutton.com\/es\/application\/#breadcrumb"},"inLanguage":"es","potentialAction":[{"@type":"ReadAction","target":["https:\/\/www.sunmeibutton.com\/es\/application\/"]}]},{"@type":"BreadcrumbList","@id":"https:\/\/www.sunmeibutton.com\/es\/application\/#breadcrumb","itemListElement":[{"@type":"ListItem","position":1,"name":"","item":"https:\/\/www.sunmeibutton.com\/es\/"},{"@type":"ListItem","position":2,"name":"Aplicaci\u00f3n"}]},{"@type":"WebSite","@id":"https:\/\/www.sunmeibutton.com\/#website","url":"https:\/\/www.sunmeibutton.com\/","name":"\u4e0a\u5c0a\u4f01\u696d\u6709\u9650\u516c\u53f8","description":"SUN MEI BUTTON ENTERPRISE CO., LTD","publisher":{"@id":"https:\/\/www.sunmeibutton.com\/#organization"},"potentialAction":[{"@type":"SearchAction","target":{"@type":"EntryPoint","urlTemplate":"https:\/\/www.sunmeibutton.com\/?s={search_term_string}"},"query-input":"required name=search_term_string"}],"inLanguage":"es"},{"@type":"Organization","@id":"https:\/\/www.sunmeibutton.com\/#organization","name":"\u4e0a\u5c0a\u4f01\u696d\u6709\u9650\u516c\u53f8","url":"https:\/\/www.sunmeibutton.com\/","logo":{"@type":"ImageObject","inLanguage":"es","@id":"https:\/\/www.sunmeibutton.com\/#\/schema\/logo\/image\/","url":"https:\/\/www.sunmeibutton.com\/wp-content\/uploads\/2018\/05\/logo.jpg","contentUrl":"https:\/\/www.sunmeibutton.com\/wp-content\/uploads\/2018\/05\/logo.jpg","width":300,"height":300,"caption":"\u4e0a\u5c0a\u4f01\u696d\u6709\u9650\u516c\u53f8"},"image":{"@id":"https:\/\/www.sunmeibutton.com\/#\/schema\/logo\/image\/"}}]}},"_links":{"self":[{"href":"https:\/\/www.sunmeibutton.com\/es\/wp-json\/wp\/v2\/pages\/8650"}],"collection":[{"href":"https:\/\/www.sunmeibutton.com\/es\/wp-json\/wp\/v2\/pages"}],"about":[{"href":"https:\/\/www.sunmeibutton.com\/es\/wp-json\/wp\/v2\/types\/page"}],"author":[{"embeddable":true,"href":"https:\/\/www.sunmeibutton.com\/es\/wp-json\/wp\/v2\/users\/1"}],"replies":[{"embeddable":true,"href":"https:\/\/www.sunmeibutton.com\/es\/wp-json\/wp\/v2\/comments?post=8650"}],"version-history":[{"count":0,"href":"https:\/\/www.sunmeibutton.com\/es\/wp-json\/wp\/v2\/pages\/8650\/revisions"}],"wp:attachment":[{"href":"https:\/\/www.sunmeibutton.com\/es\/wp-json\/wp\/v2\/media?parent=8650"}],"curies":[{"name":"wp","href":"https:\/\/api.w.org\/{rel}","templated":true}]}}